{"id":3043,"date":"2017-07-13T12:05:00","date_gmt":"2017-07-13T12:05:00","guid":{"rendered":"http:\/\/saildive.pt\/?page_id=3043"},"modified":"2017-09-11T11:32:52","modified_gmt":"2017-09-11T11:32:52","slug":"especies-grandes","status":"publish","type":"page","link":"https:\/\/saildive.pt\/pt-pt\/especies-grandes\/","title":{"rendered":"Esp\u00e9cies Grandes"},"content":{"rendered":"<p>[vc_row rt_row_background_width=&#8221;fullwidth&#8221; rt_row_content_width=&#8221;default&#8221; rt_row_style=&#8221;default-style&#8221; rt_row_height=&#8221;&#8221; rt_row_borders=&#8221;&#8221; rt_row_shadows=&#8221;&#8221; rt_column_gaps=&#8221;&#8221; rt_row_paddings=&#8221;true&#8221; rt_bg_effect=&#8221;classic&#8221; rt_transparent_bg=&#8221;&#8221; rt_bg_image_repeat=&#8221;repeat&#8221; rt_bg_size=&#8221;cover&#8221; rt_bg_position=&#8221;right top&#8221; rt_bg_attachment=&#8221;scroll&#8221; rt_bg_video_format=&#8221;self-hosted&#8221;][vc_column rt_col_paddings=&#8221;true&#8221; rt_wrp_col_paddings=&#8221;false&#8221; rt_column_shadow=&#8221;&#8221; rt_border_top=&#8221;&#8221; rt_border_bottom=&#8221;&#8221; rt_border_left=&#8221;&#8221; rt_border_right=&#8221;&#8221; rt_border_top_mobile=&#8221;&#8221; rt_border_bottom_mobile=&#8221;&#8221; rt_border_left_mobile=&#8221;&#8221; rt_border_right_mobile=&#8221;&#8221; rt_bg_image_repeat=&#8221;repeat&#8221; rt_bg_size=&#8221;auto auto&#8221; rt_bg_position=&#8221;right top&#8221; rt_bg_attachment=&#8221;scroll&#8221;]<article  class=\"image-content-box content-box box-style-1 left\"><div class=\"featured_image_holder\"><img decoding=\"async\" class=\"img-responsive\" src=\"https:\/\/saildive.pt\/wp-content\/uploads\/2016\/06\/8..jpg\" alt=\"\" \/><\/div><div class=\"text-holder\"><h1 class=\"heading\">PRIVILIGIAMOS AS ZONAS AFASTADAS DA COSTA<\/h1> <p>Devido \u00e0s caracter\u00edsticas do nosso barco, mergulhamos com mais frequ\u00eancia em zonas afastadas da costa, normalmente com mais abund\u00e2ncia de peixes maiores e com menos mergulhadores estranhos ao nosso grupo.<\/p>\n<p>Uma das principais raz\u00f5es pelas quais os A\u00e7ores s\u00e3o t\u00e3o populares entre os mergulhadores \u00e9 a abund\u00e2ncia de grandes seres vivos marinhos e a boa visibilidade que, nos meses de julho, agosto e setembro, chega a atingir mais de 30 metros.<\/p>\n<p>Afinal de contas, Mantas (Mobulas) Tubar\u00f5es Azuis, Atuns e outros peixes pel\u00e1gicos como: Irios, <em>Wahoos<\/em>, Enchar\u00e9us, Bicudas, Tubar\u00f5es Baleia (ocasionalmente), Badejos e o emblem\u00e1tico Mero, est\u00e3o entre os peixes comuns dos A\u00e7ores. Encontrar estes peixes \u00e9 uma experi\u00eancia arrebatadora<\/p>\n<\/div><\/article>[\/vc_column][\/vc_row]<\/p>\n","protected":false},"excerpt":{"rendered":"<p>[vc_row rt_row_background_width=&#8221;fullwidth&#8221; rt_row_content_width=&#8221;default&#8221; rt_row_style=&#8221;default-style&#8221; rt_row_height=&#8221;&#8221; rt_row_borders=&#8221;&#8221; rt_row_shadows=&#8221;&#8221; rt_column_gaps=&#8221;&#8221; rt_row_paddings=&#8221;true&#8221; rt_bg_effect=&#8221;classic&#8221; rt_transparent_bg=&#8221;&#8221; rt_bg_image_repeat=&#8221;repeat&#8221; rt_bg_size=&#8221;cover&#8221; rt_bg_position=&#8221;right top&#8221; rt_bg_attachment=&#8221;scroll&#8221; rt_bg_video_format=&#8221;self-hosted&#8221;][vc_column rt_col_paddings=&#8221;true&#8221; rt_wrp_col_paddings=&#8221;false&#8221; rt_column_shadow=&#8221;&#8221; rt_border_top=&#8221;&#8221; rt_border_bottom=&#8221;&#8221; rt_border_left=&#8221;&#8221; rt_border_right=&#8221;&#8221; rt_border_top_mobile=&#8221;&#8221; rt_border_bottom_mobile=&#8221;&#8221; rt_border_left_mobile=&#8221;&#8221; rt_border_right_mobile=&#8221;&#8221; rt_bg_image_repeat=&#8221;repeat&#8221; rt_bg_size=&#8221;auto auto&#8221; rt_bg_position=&#8221;right top&#8221; rt_bg_attachment=&#8221;scroll&#8221;][\/vc_column][\/vc_row&#8230; <a class=\"more-link\" href=\"https:\/\/saildive.pt\/pt-pt\/especies-grandes\/\">Continue reading<\/a><\/p>\n","protected":false},"author":1,"featured_media":0,"parent":0,"menu_order":0,"comment_status":"closed","ping_status":"closed","template":"","meta":{"footnotes":""},"class_list":["post-3043","page","type-page","status-publish","hentry"],"yoast_head":"<!-- This site is optimized with the Yoast SEO plugin v27.4 - https:\/\/yoast.com\/product\/yoast-seo-wordpress\/ -->\n<title>Esp\u00e9cies Grandes - SailDive<\/title>\n<meta name=\"robots\" content=\"index, follow, max-snippet:-1, max-image-preview:large, max-video-preview:-1\" \/>\n<link rel=\"canonical\" href=\"https:\/\/saildive.pt\/pt-pt\/especies-grandes\/\" \/>\n<meta property=\"og:locale\" content=\"pt_PT\" \/>\n<meta property=\"og:type\" content=\"article\" \/>\n<meta property=\"og:title\" content=\"Esp\u00e9cies Grandes - SailDive\" \/>\n<meta property=\"og:description\" content=\"[vc_row rt_row_background_width=&#8221;fullwidth&#8221; rt_row_content_width=&#8221;default&#8221; rt_row_style=&#8221;default-style&#8221; rt_row_height=&#8221;&#8221; rt_row_borders=&#8221;&#8221; rt_row_shadows=&#8221;&#8221; rt_column_gaps=&#8221;&#8221; rt_row_paddings=&#8221;true&#8221; rt_bg_effect=&#8221;classic&#8221; rt_transparent_bg=&#8221;&#8221; rt_bg_image_repeat=&#8221;repeat&#8221; rt_bg_size=&#8221;cover&#8221; rt_bg_position=&#8221;right top&#8221; rt_bg_attachment=&#8221;scroll&#8221; rt_bg_video_format=&#8221;self-hosted&#8221;][vc_column rt_col_paddings=&#8221;true&#8221; rt_wrp_col_paddings=&#8221;false&#8221; rt_column_shadow=&#8221;&#8221; rt_border_top=&#8221;&#8221; rt_border_bottom=&#8221;&#8221; rt_border_left=&#8221;&#8221; rt_border_right=&#8221;&#8221; rt_border_top_mobile=&#8221;&#8221; rt_border_bottom_mobile=&#8221;&#8221; rt_border_left_mobile=&#8221;&#8221; rt_border_right_mobile=&#8221;&#8221; rt_bg_image_repeat=&#8221;repeat&#8221; rt_bg_size=&#8221;auto auto&#8221; rt_bg_position=&#8221;right top&#8221; rt_bg_attachment=&#8221;scroll&#8221;][\/vc_column][\/vc_row]\" \/>\n<meta property=\"og:url\" content=\"https:\/\/saildive.pt\/pt-pt\/especies-grandes\/\" \/>\n<meta property=\"og:site_name\" content=\"SailDive\" \/>\n<meta property=\"article:modified_time\" content=\"2017-09-11T11:32:52+00:00\" \/>\n<meta name=\"twitter:card\" content=\"summary_large_image\" \/>\n<meta name=\"twitter:label1\" content=\"Tempo estimado de leitura\" \/>\n\t<meta name=\"twitter:data1\" content=\"1 minuto\" \/>\n<script type=\"application\/ld+json\" class=\"yoast-schema-graph\">{\"@context\":\"https:\\\/\\\/schema.org\",\"@graph\":[{\"@type\":\"WebPage\",\"@id\":\"https:\\\/\\\/saildive.pt\\\/pt-pt\\\/especies-grandes\\\/\",\"url\":\"https:\\\/\\\/saildive.pt\\\/pt-pt\\\/especies-grandes\\\/\",\"name\":\"Esp\u00e9cies Grandes - SailDive\",\"isPartOf\":{\"@id\":\"https:\\\/\\\/saildive.pt\\\/pt-pt\\\/?lang=pt-pt\\\/#website\"},\"datePublished\":\"2017-07-13T12:05:00+00:00\",\"dateModified\":\"2017-09-11T11:32:52+00:00\",\"breadcrumb\":{\"@id\":\"https:\\\/\\\/saildive.pt\\\/pt-pt\\\/especies-grandes\\\/#breadcrumb\"},\"inLanguage\":\"pt-PT\",\"potentialAction\":[{\"@type\":\"ReadAction\",\"target\":[\"https:\\\/\\\/saildive.pt\\\/pt-pt\\\/especies-grandes\\\/\"]}]},{\"@type\":\"BreadcrumbList\",\"@id\":\"https:\\\/\\\/saildive.pt\\\/pt-pt\\\/especies-grandes\\\/#breadcrumb\",\"itemListElement\":[{\"@type\":\"ListItem\",\"position\":1,\"name\":\"In\u00edcio\",\"item\":\"https:\\\/\\\/saildive.pt\\\/pt-pt\\\/?lang=pt-pt\"},{\"@type\":\"ListItem\",\"position\":2,\"name\":\"Esp\u00e9cies Grandes\"}]},{\"@type\":\"WebSite\",\"@id\":\"https:\\\/\\\/saildive.pt\\\/pt-pt\\\/?lang=pt-pt\\\/#website\",\"url\":\"https:\\\/\\\/saildive.pt\\\/pt-pt\\\/?lang=pt-pt\\\/\",\"name\":\"SailDive\",\"description\":\"Mergulho Liveaboard\",\"publisher\":{\"@id\":\"https:\\\/\\\/saildive.pt\\\/pt-pt\\\/?lang=pt-pt\\\/#organization\"},\"potentialAction\":[{\"@type\":\"SearchAction\",\"target\":{\"@type\":\"EntryPoint\",\"urlTemplate\":\"https:\\\/\\\/saildive.pt\\\/pt-pt\\\/?lang=pt-pt\\\/?s={search_term_string}\"},\"query-input\":{\"@type\":\"PropertyValueSpecification\",\"valueRequired\":true,\"valueName\":\"search_term_string\"}}],\"inLanguage\":\"pt-PT\"},{\"@type\":\"Organization\",\"@id\":\"https:\\\/\\\/saildive.pt\\\/pt-pt\\\/?lang=pt-pt\\\/#organization\",\"name\":\"SailDive - Azores Princess Alice Diving, Lda.\",\"url\":\"https:\\\/\\\/saildive.pt\\\/pt-pt\\\/?lang=pt-pt\\\/\",\"logo\":{\"@type\":\"ImageObject\",\"inLanguage\":\"pt-PT\",\"@id\":\"https:\\\/\\\/saildive.pt\\\/pt-pt\\\/?lang=pt-pt\\\/#\\\/schema\\\/logo\\\/image\\\/\",\"url\":\"https:\\\/\\\/saildive.pt\\\/wp-content\\\/uploads\\\/2017\\\/10\\\/22519581_126024008096162_8253545458201654831_n.png\",\"contentUrl\":\"https:\\\/\\\/saildive.pt\\\/wp-content\\\/uploads\\\/2017\\\/10\\\/22519581_126024008096162_8253545458201654831_n.png\",\"width\":709,\"height\":709,\"caption\":\"SailDive - Azores Princess Alice Diving, Lda.\"},\"image\":{\"@id\":\"https:\\\/\\\/saildive.pt\\\/pt-pt\\\/?lang=pt-pt\\\/#\\\/schema\\\/logo\\\/image\\\/\"}}]}<\/script>\n<!-- \/ Yoast SEO plugin. -->","yoast_head_json":{"title":"Esp\u00e9cies Grandes - SailDive","robots":{"index":"index","follow":"follow","max-snippet":"max-snippet:-1","max-image-preview":"max-image-preview:large","max-video-preview":"max-video-preview:-1"},"canonical":"https:\/\/saildive.pt\/pt-pt\/especies-grandes\/","og_locale":"pt_PT","og_type":"article","og_title":"Esp\u00e9cies Grandes - SailDive","og_description":"[vc_row rt_row_background_width=&#8221;fullwidth&#8221; rt_row_content_width=&#8221;default&#8221; rt_row_style=&#8221;default-style&#8221; rt_row_height=&#8221;&#8221; rt_row_borders=&#8221;&#8221; rt_row_shadows=&#8221;&#8221; rt_column_gaps=&#8221;&#8221; rt_row_paddings=&#8221;true&#8221; rt_bg_effect=&#8221;classic&#8221; rt_transparent_bg=&#8221;&#8221; rt_bg_image_repeat=&#8221;repeat&#8221; rt_bg_size=&#8221;cover&#8221; rt_bg_position=&#8221;right top&#8221; rt_bg_attachment=&#8221;scroll&#8221; rt_bg_video_format=&#8221;self-hosted&#8221;][vc_column rt_col_paddings=&#8221;true&#8221; rt_wrp_col_paddings=&#8221;false&#8221; rt_column_shadow=&#8221;&#8221; rt_border_top=&#8221;&#8221; rt_border_bottom=&#8221;&#8221; rt_border_left=&#8221;&#8221; rt_border_right=&#8221;&#8221; rt_border_top_mobile=&#8221;&#8221; rt_border_bottom_mobile=&#8221;&#8221; rt_border_left_mobile=&#8221;&#8221; rt_border_right_mobile=&#8221;&#8221; rt_bg_image_repeat=&#8221;repeat&#8221; rt_bg_size=&#8221;auto auto&#8221; rt_bg_position=&#8221;right top&#8221; rt_bg_attachment=&#8221;scroll&#8221;][\/vc_column][\/vc_row]","og_url":"https:\/\/saildive.pt\/pt-pt\/especies-grandes\/","og_site_name":"SailDive","article_modified_time":"2017-09-11T11:32:52+00:00","twitter_card":"summary_large_image","twitter_misc":{"Tempo estimado de leitura":"1 minuto"},"schema":{"@context":"https:\/\/schema.org","@graph":[{"@type":"WebPage","@id":"https:\/\/saildive.pt\/pt-pt\/especies-grandes\/","url":"https:\/\/saildive.pt\/pt-pt\/especies-grandes\/","name":"Esp\u00e9cies Grandes - SailDive","isPartOf":{"@id":"https:\/\/saildive.pt\/pt-pt\/?lang=pt-pt\/#website"},"datePublished":"2017-07-13T12:05:00+00:00","dateModified":"2017-09-11T11:32:52+00:00","breadcrumb":{"@id":"https:\/\/saildive.pt\/pt-pt\/especies-grandes\/#breadcrumb"},"inLanguage":"pt-PT","potentialAction":[{"@type":"ReadAction","target":["https:\/\/saildive.pt\/pt-pt\/especies-grandes\/"]}]},{"@type":"BreadcrumbList","@id":"https:\/\/saildive.pt\/pt-pt\/especies-grandes\/#breadcrumb","itemListElement":[{"@type":"ListItem","position":1,"name":"In\u00edcio","item":"https:\/\/saildive.pt\/pt-pt\/?lang=pt-pt"},{"@type":"ListItem","position":2,"name":"Esp\u00e9cies Grandes"}]},{"@type":"WebSite","@id":"https:\/\/saildive.pt\/pt-pt\/?lang=pt-pt\/#website","url":"https:\/\/saildive.pt\/pt-pt\/?lang=pt-pt\/","name":"SailDive","description":"Mergulho Liveaboard","publisher":{"@id":"https:\/\/saildive.pt\/pt-pt\/?lang=pt-pt\/#organization"},"potentialAction":[{"@type":"SearchAction","target":{"@type":"EntryPoint","urlTemplate":"https:\/\/saildive.pt\/pt-pt\/?lang=pt-pt\/?s={search_term_string}"},"query-input":{"@type":"PropertyValueSpecification","valueRequired":true,"valueName":"search_term_string"}}],"inLanguage":"pt-PT"},{"@type":"Organization","@id":"https:\/\/saildive.pt\/pt-pt\/?lang=pt-pt\/#organization","name":"SailDive - Azores Princess Alice Diving, Lda.","url":"https:\/\/saildive.pt\/pt-pt\/?lang=pt-pt\/","logo":{"@type":"ImageObject","inLanguage":"pt-PT","@id":"https:\/\/saildive.pt\/pt-pt\/?lang=pt-pt\/#\/schema\/logo\/image\/","url":"https:\/\/saildive.pt\/wp-content\/uploads\/2017\/10\/22519581_126024008096162_8253545458201654831_n.png","contentUrl":"https:\/\/saildive.pt\/wp-content\/uploads\/2017\/10\/22519581_126024008096162_8253545458201654831_n.png","width":709,"height":709,"caption":"SailDive - Azores Princess Alice Diving, Lda."},"image":{"@id":"https:\/\/saildive.pt\/pt-pt\/?lang=pt-pt\/#\/schema\/logo\/image\/"}}]}},"_links":{"self":[{"href":"https:\/\/saildive.pt\/pt-pt\/wp-json\/wp\/v2\/pages\/3043","targetHints":{"allow":["GET"]}}],"collection":[{"href":"https:\/\/saildive.pt\/pt-pt\/wp-json\/wp\/v2\/pages"}],"about":[{"href":"https:\/\/saildive.pt\/pt-pt\/wp-json\/wp\/v2\/types\/page"}],"author":[{"embeddable":true,"href":"https:\/\/saildive.pt\/pt-pt\/wp-json\/wp\/v2\/users\/1"}],"replies":[{"embeddable":true,"href":"https:\/\/saildive.pt\/pt-pt\/wp-json\/wp\/v2\/comments?post=3043"}],"version-history":[{"count":5,"href":"https:\/\/saildive.pt\/pt-pt\/wp-json\/wp\/v2\/pages\/3043\/revisions"}],"predecessor-version":[{"id":3606,"href":"https:\/\/saildive.pt\/pt-pt\/wp-json\/wp\/v2\/pages\/3043\/revisions\/3606"}],"wp:attachment":[{"href":"https:\/\/saildive.pt\/pt-pt\/wp-json\/wp\/v2\/media?parent=3043"}],"curies":[{"name":"wp","href":"https:\/\/api.w.org\/{rel}","templated":true}]}}