{"id":3047,"date":"2017-07-13T12:17:46","date_gmt":"2017-07-13T12:17:46","guid":{"rendered":"http:\/\/saildive.pt\/?page_id=3047"},"modified":"2017-07-13T12:17:46","modified_gmt":"2017-07-13T12:17:46","slug":"diversoes-aquaticas","status":"publish","type":"page","link":"https:\/\/saildive.pt\/pt-pt\/diversoes-aquaticas\/","title":{"rendered":"AVENTURA E DIVERS\u00d5ES AQU\u00c1TICAS"},"content":{"rendered":"<p>[vc_row rt_row_background_width=&#8221;fullwidth&#8221; rt_row_content_width=&#8221;default&#8221; rt_row_style=&#8221;default-style&#8221; rt_row_height=&#8221;&#8221; rt_row_borders=&#8221;&#8221; rt_row_shadows=&#8221;&#8221; rt_column_gaps=&#8221;&#8221; rt_row_paddings=&#8221;true&#8221; rt_bg_effect=&#8221;classic&#8221; rt_transparent_bg=&#8221;&#8221; rt_bg_image_repeat=&#8221;repeat&#8221; rt_bg_size=&#8221;cover&#8221; rt_bg_position=&#8221;right top&#8221; rt_bg_attachment=&#8221;scroll&#8221; rt_bg_video_format=&#8221;self-hosted&#8221;][vc_column rt_col_paddings=&#8221;true&#8221; rt_wrp_col_paddings=&#8221;false&#8221; rt_column_shadow=&#8221;&#8221; rt_border_top=&#8221;&#8221; rt_border_bottom=&#8221;&#8221; rt_border_left=&#8221;&#8221; rt_border_right=&#8221;&#8221; rt_border_top_mobile=&#8221;&#8221; rt_border_bottom_mobile=&#8221;&#8221; rt_border_left_mobile=&#8221;&#8221; rt_border_right_mobile=&#8221;&#8221; rt_bg_image_repeat=&#8221;repeat&#8221; rt_bg_size=&#8221;auto auto&#8221; rt_bg_position=&#8221;right top&#8221; rt_bg_attachment=&#8221;scroll&#8221;][vc_column_text]<strong>Dispomos de uma s\u00e9rie de equipamentos desportivos ao seu dispor para aluguer <\/strong><\/p>\n<p>Prancha de Windsurf, Ski (kneeboard), Mota de \u00e1gua, kayaks, Paddle Surf, equipamento de apneia e de mergulho com escafandro, Scooters Subaqu\u00e1ticas e m\u00e1scaras integrais c\/ intercomunicador para poder falar e ser ouvido debaixo de \u00e1gua.[\/vc_column_text][\/vc_column][\/vc_row]<\/p>\n","protected":false},"excerpt":{"rendered":"<p>[vc_row rt_row_background_width=&#8221;fullwidth&#8221; rt_row_content_width=&#8221;default&#8221; rt_row_style=&#8221;default-style&#8221; rt_row_height=&#8221;&#8221; rt_row_borders=&#8221;&#8221; rt_row_shadows=&#8221;&#8221; rt_column_gaps=&#8221;&#8221; rt_row_paddings=&#8221;true&#8221; rt_bg_effect=&#8221;classic&#8221; rt_transparent_bg=&#8221;&#8221; rt_bg_image_repeat=&#8221;repeat&#8221; rt_bg_size=&#8221;cover&#8221; rt_bg_position=&#8221;right top&#8221; rt_bg_attachment=&#8221;scroll&#8221; rt_bg_video_format=&#8221;self-hosted&#8221;][vc_column rt_col_paddings=&#8221;true&#8221; rt_wrp_col_paddings=&#8221;false&#8221; rt_column_shadow=&#8221;&#8221; rt_border_top=&#8221;&#8221; rt_border_bottom=&#8221;&#8221; rt_border_left=&#8221;&#8221; rt_border_right=&#8221;&#8221; rt_border_top_mobile=&#8221;&#8221; rt_border_bottom_mobile=&#8221;&#8221; rt_border_left_mobile=&#8221;&#8221; rt_border_right_mobile=&#8221;&#8221; rt_bg_image_repeat=&#8221;repeat&#8221; rt_bg_size=&#8221;auto auto&#8221; rt_bg_position=&#8221;right top&#8221; rt_bg_attachment=&#8221;scroll&#8221;][vc_column_text]Dispomos de uma s\u00e9rie de equipamentos desportivos ao seu dispor para aluguer Prancha de Windsurf, Ski (kneeboard), Mota de \u00e1gua, kayaks, Paddle &#8230; <a class=\"more-link\" href=\"https:\/\/saildive.pt\/pt-pt\/diversoes-aquaticas\/\">Continue reading<\/a><\/p>\n","protected":false},"author":1,"featured_media":0,"parent":0,"menu_order":0,"comment_status":"closed","ping_status":"closed","template":"","meta":{"footnotes":""},"class_list":["post-3047","page","type-page","status-publish","hentry"],"yoast_head":"<!-- This site is optimized with the Yoast SEO plugin v27.4 - https:\/\/yoast.com\/product\/yoast-seo-wordpress\/ -->\n<title>AVENTURA E DIVERS\u00d5ES AQU\u00c1TICAS - SailDive<\/title>\n<meta name=\"robots\" content=\"index, follow, max-snippet:-1, max-image-preview:large, max-video-preview:-1\" \/>\n<link rel=\"canonical\" href=\"https:\/\/saildive.pt\/pt-pt\/diversoes-aquaticas\/\" \/>\n<meta property=\"og:locale\" content=\"pt_PT\" \/>\n<meta property=\"og:type\" content=\"article\" \/>\n<meta property=\"og:title\" content=\"AVENTURA E DIVERS\u00d5ES AQU\u00c1TICAS - SailDive\" \/>\n<meta property=\"og:description\" content=\"[vc_row rt_row_background_width=&#8221;fullwidth&#8221; rt_row_content_width=&#8221;default&#8221; rt_row_style=&#8221;default-style&#8221; rt_row_height=&#8221;&#8221; rt_row_borders=&#8221;&#8221; rt_row_shadows=&#8221;&#8221; rt_column_gaps=&#8221;&#8221; rt_row_paddings=&#8221;true&#8221; rt_bg_effect=&#8221;classic&#8221; rt_transparent_bg=&#8221;&#8221; rt_bg_image_repeat=&#8221;repeat&#8221; rt_bg_size=&#8221;cover&#8221; rt_bg_position=&#8221;right top&#8221; rt_bg_attachment=&#8221;scroll&#8221; rt_bg_video_format=&#8221;self-hosted&#8221;][vc_column rt_col_paddings=&#8221;true&#8221; rt_wrp_col_paddings=&#8221;false&#8221; rt_column_shadow=&#8221;&#8221; rt_border_top=&#8221;&#8221; rt_border_bottom=&#8221;&#8221; rt_border_left=&#8221;&#8221; rt_border_right=&#8221;&#8221; rt_border_top_mobile=&#8221;&#8221; rt_border_bottom_mobile=&#8221;&#8221; rt_border_left_mobile=&#8221;&#8221; rt_border_right_mobile=&#8221;&#8221; rt_bg_image_repeat=&#8221;repeat&#8221; rt_bg_size=&#8221;auto auto&#8221; rt_bg_position=&#8221;right top&#8221; rt_bg_attachment=&#8221;scroll&#8221;][vc_column_text]Dispomos de uma s\u00e9rie de equipamentos desportivos ao seu dispor para aluguer Prancha de Windsurf, Ski (kneeboard), Mota de \u00e1gua, kayaks, Paddle [&hellip;]\" \/>\n<meta property=\"og:url\" content=\"https:\/\/saildive.pt\/pt-pt\/diversoes-aquaticas\/\" \/>\n<meta property=\"og:site_name\" content=\"SailDive\" \/>\n<meta name=\"twitter:card\" content=\"summary_large_image\" \/>\n<meta name=\"twitter:label1\" content=\"Tempo estimado de leitura\" \/>\n\t<meta name=\"twitter:data1\" content=\"1 minuto\" \/>\n<script type=\"application\/ld+json\" class=\"yoast-schema-graph\">{\"@context\":\"https:\\\/\\\/schema.org\",\"@graph\":[{\"@type\":\"WebPage\",\"@id\":\"https:\\\/\\\/saildive.pt\\\/pt-pt\\\/diversoes-aquaticas\\\/\",\"url\":\"https:\\\/\\\/saildive.pt\\\/pt-pt\\\/diversoes-aquaticas\\\/\",\"name\":\"AVENTURA E DIVERS\u00d5ES AQU\u00c1TICAS - SailDive\",\"isPartOf\":{\"@id\":\"https:\\\/\\\/saildive.pt\\\/pt-pt\\\/?lang=pt-pt\\\/#website\"},\"datePublished\":\"2017-07-13T12:17:46+00:00\",\"breadcrumb\":{\"@id\":\"https:\\\/\\\/saildive.pt\\\/pt-pt\\\/diversoes-aquaticas\\\/#breadcrumb\"},\"inLanguage\":\"pt-PT\",\"potentialAction\":[{\"@type\":\"ReadAction\",\"target\":[\"https:\\\/\\\/saildive.pt\\\/pt-pt\\\/diversoes-aquaticas\\\/\"]}]},{\"@type\":\"BreadcrumbList\",\"@id\":\"https:\\\/\\\/saildive.pt\\\/pt-pt\\\/diversoes-aquaticas\\\/#breadcrumb\",\"itemListElement\":[{\"@type\":\"ListItem\",\"position\":1,\"name\":\"In\u00edcio\",\"item\":\"https:\\\/\\\/saildive.pt\\\/pt-pt\\\/?lang=pt-pt\"},{\"@type\":\"ListItem\",\"position\":2,\"name\":\"AVENTURA E DIVERS\u00d5ES AQU\u00c1TICAS\"}]},{\"@type\":\"WebSite\",\"@id\":\"https:\\\/\\\/saildive.pt\\\/pt-pt\\\/?lang=pt-pt\\\/#website\",\"url\":\"https:\\\/\\\/saildive.pt\\\/pt-pt\\\/?lang=pt-pt\\\/\",\"name\":\"SailDive\",\"description\":\"Mergulho Liveaboard\",\"publisher\":{\"@id\":\"https:\\\/\\\/saildive.pt\\\/pt-pt\\\/?lang=pt-pt\\\/#organization\"},\"potentialAction\":[{\"@type\":\"SearchAction\",\"target\":{\"@type\":\"EntryPoint\",\"urlTemplate\":\"https:\\\/\\\/saildive.pt\\\/pt-pt\\\/?lang=pt-pt\\\/?s={search_term_string}\"},\"query-input\":{\"@type\":\"PropertyValueSpecification\",\"valueRequired\":true,\"valueName\":\"search_term_string\"}}],\"inLanguage\":\"pt-PT\"},{\"@type\":\"Organization\",\"@id\":\"https:\\\/\\\/saildive.pt\\\/pt-pt\\\/?lang=pt-pt\\\/#organization\",\"name\":\"SailDive - Azores Princess Alice Diving, Lda.\",\"url\":\"https:\\\/\\\/saildive.pt\\\/pt-pt\\\/?lang=pt-pt\\\/\",\"logo\":{\"@type\":\"ImageObject\",\"inLanguage\":\"pt-PT\",\"@id\":\"https:\\\/\\\/saildive.pt\\\/pt-pt\\\/?lang=pt-pt\\\/#\\\/schema\\\/logo\\\/image\\\/\",\"url\":\"https:\\\/\\\/saildive.pt\\\/wp-content\\\/uploads\\\/2017\\\/10\\\/22519581_126024008096162_8253545458201654831_n.png\",\"contentUrl\":\"https:\\\/\\\/saildive.pt\\\/wp-content\\\/uploads\\\/2017\\\/10\\\/22519581_126024008096162_8253545458201654831_n.png\",\"width\":709,\"height\":709,\"caption\":\"SailDive - Azores Princess Alice Diving, Lda.\"},\"image\":{\"@id\":\"https:\\\/\\\/saildive.pt\\\/pt-pt\\\/?lang=pt-pt\\\/#\\\/schema\\\/logo\\\/image\\\/\"}}]}<\/script>\n<!-- \/ Yoast SEO plugin. -->","yoast_head_json":{"title":"AVENTURA E DIVERS\u00d5ES AQU\u00c1TICAS - SailDive","robots":{"index":"index","follow":"follow","max-snippet":"max-snippet:-1","max-image-preview":"max-image-preview:large","max-video-preview":"max-video-preview:-1"},"canonical":"https:\/\/saildive.pt\/pt-pt\/diversoes-aquaticas\/","og_locale":"pt_PT","og_type":"article","og_title":"AVENTURA E DIVERS\u00d5ES AQU\u00c1TICAS - SailDive","og_description":"[vc_row rt_row_background_width=&#8221;fullwidth&#8221; rt_row_content_width=&#8221;default&#8221; rt_row_style=&#8221;default-style&#8221; rt_row_height=&#8221;&#8221; rt_row_borders=&#8221;&#8221; rt_row_shadows=&#8221;&#8221; rt_column_gaps=&#8221;&#8221; rt_row_paddings=&#8221;true&#8221; rt_bg_effect=&#8221;classic&#8221; rt_transparent_bg=&#8221;&#8221; rt_bg_image_repeat=&#8221;repeat&#8221; rt_bg_size=&#8221;cover&#8221; rt_bg_position=&#8221;right top&#8221; rt_bg_attachment=&#8221;scroll&#8221; rt_bg_video_format=&#8221;self-hosted&#8221;][vc_column rt_col_paddings=&#8221;true&#8221; rt_wrp_col_paddings=&#8221;false&#8221; rt_column_shadow=&#8221;&#8221; rt_border_top=&#8221;&#8221; rt_border_bottom=&#8221;&#8221; rt_border_left=&#8221;&#8221; rt_border_right=&#8221;&#8221; rt_border_top_mobile=&#8221;&#8221; rt_border_bottom_mobile=&#8221;&#8221; rt_border_left_mobile=&#8221;&#8221; rt_border_right_mobile=&#8221;&#8221; rt_bg_image_repeat=&#8221;repeat&#8221; rt_bg_size=&#8221;auto auto&#8221; rt_bg_position=&#8221;right top&#8221; rt_bg_attachment=&#8221;scroll&#8221;][vc_column_text]Dispomos de uma s\u00e9rie de equipamentos desportivos ao seu dispor para aluguer Prancha de Windsurf, Ski (kneeboard), Mota de \u00e1gua, kayaks, Paddle [&hellip;]","og_url":"https:\/\/saildive.pt\/pt-pt\/diversoes-aquaticas\/","og_site_name":"SailDive","twitter_card":"summary_large_image","twitter_misc":{"Tempo estimado de leitura":"1 minuto"},"schema":{"@context":"https:\/\/schema.org","@graph":[{"@type":"WebPage","@id":"https:\/\/saildive.pt\/pt-pt\/diversoes-aquaticas\/","url":"https:\/\/saildive.pt\/pt-pt\/diversoes-aquaticas\/","name":"AVENTURA E DIVERS\u00d5ES AQU\u00c1TICAS - SailDive","isPartOf":{"@id":"https:\/\/saildive.pt\/pt-pt\/?lang=pt-pt\/#website"},"datePublished":"2017-07-13T12:17:46+00:00","breadcrumb":{"@id":"https:\/\/saildive.pt\/pt-pt\/diversoes-aquaticas\/#breadcrumb"},"inLanguage":"pt-PT","potentialAction":[{"@type":"ReadAction","target":["https:\/\/saildive.pt\/pt-pt\/diversoes-aquaticas\/"]}]},{"@type":"BreadcrumbList","@id":"https:\/\/saildive.pt\/pt-pt\/diversoes-aquaticas\/#breadcrumb","itemListElement":[{"@type":"ListItem","position":1,"name":"In\u00edcio","item":"https:\/\/saildive.pt\/pt-pt\/?lang=pt-pt"},{"@type":"ListItem","position":2,"name":"AVENTURA E DIVERS\u00d5ES AQU\u00c1TICAS"}]},{"@type":"WebSite","@id":"https:\/\/saildive.pt\/pt-pt\/?lang=pt-pt\/#website","url":"https:\/\/saildive.pt\/pt-pt\/?lang=pt-pt\/","name":"SailDive","description":"Mergulho Liveaboard","publisher":{"@id":"https:\/\/saildive.pt\/pt-pt\/?lang=pt-pt\/#organization"},"potentialAction":[{"@type":"SearchAction","target":{"@type":"EntryPoint","urlTemplate":"https:\/\/saildive.pt\/pt-pt\/?lang=pt-pt\/?s={search_term_string}"},"query-input":{"@type":"PropertyValueSpecification","valueRequired":true,"valueName":"search_term_string"}}],"inLanguage":"pt-PT"},{"@type":"Organization","@id":"https:\/\/saildive.pt\/pt-pt\/?lang=pt-pt\/#organization","name":"SailDive - Azores Princess Alice Diving, Lda.","url":"https:\/\/saildive.pt\/pt-pt\/?lang=pt-pt\/","logo":{"@type":"ImageObject","inLanguage":"pt-PT","@id":"https:\/\/saildive.pt\/pt-pt\/?lang=pt-pt\/#\/schema\/logo\/image\/","url":"https:\/\/saildive.pt\/wp-content\/uploads\/2017\/10\/22519581_126024008096162_8253545458201654831_n.png","contentUrl":"https:\/\/saildive.pt\/wp-content\/uploads\/2017\/10\/22519581_126024008096162_8253545458201654831_n.png","width":709,"height":709,"caption":"SailDive - Azores Princess Alice Diving, Lda."},"image":{"@id":"https:\/\/saildive.pt\/pt-pt\/?lang=pt-pt\/#\/schema\/logo\/image\/"}}]}},"_links":{"self":[{"href":"https:\/\/saildive.pt\/pt-pt\/wp-json\/wp\/v2\/pages\/3047","targetHints":{"allow":["GET"]}}],"collection":[{"href":"https:\/\/saildive.pt\/pt-pt\/wp-json\/wp\/v2\/pages"}],"about":[{"href":"https:\/\/saildive.pt\/pt-pt\/wp-json\/wp\/v2\/types\/page"}],"author":[{"embeddable":true,"href":"https:\/\/saildive.pt\/pt-pt\/wp-json\/wp\/v2\/users\/1"}],"replies":[{"embeddable":true,"href":"https:\/\/saildive.pt\/pt-pt\/wp-json\/wp\/v2\/comments?post=3047"}],"version-history":[{"count":1,"href":"https:\/\/saildive.pt\/pt-pt\/wp-json\/wp\/v2\/pages\/3047\/revisions"}],"predecessor-version":[{"id":3048,"href":"https:\/\/saildive.pt\/pt-pt\/wp-json\/wp\/v2\/pages\/3047\/revisions\/3048"}],"wp:attachment":[{"href":"https:\/\/saildive.pt\/pt-pt\/wp-json\/wp\/v2\/media?parent=3047"}],"curies":[{"name":"wp","href":"https:\/\/api.w.org\/{rel}","templated":true}]}}