{"id":3054,"date":"2017-07-13T12:24:05","date_gmt":"2017-07-13T12:24:05","guid":{"rendered":"http:\/\/saildive.pt\/?page_id=3054"},"modified":"2017-10-15T15:56:30","modified_gmt":"2017-10-15T15:56:30","slug":"dormindo-sob-as-estrelas","status":"publish","type":"page","link":"https:\/\/saildive.pt\/pt-pt\/dormindo-sob-as-estrelas\/","title":{"rendered":"DORMINDO SOB AS ESTRELAS"},"content":{"rendered":"<p>Devido ao facto do nosso <em>Liveaboard<\/em> ser num catamaran, existe bastante menos balan\u00e7os, logo, mais conforto e incomparavelmente menos probabilidades de enjoar.<\/p>\n<p>Est\u00e1 previsto pernoitar-nos uma ou duas noites no exterior da marina, caso as condi\u00e7\u00f5es meteorologicas sejam favor\u00e1veis ao conforto, na calmaria de uma enseada ou no monte submarino Princesa Alice.<\/p>\n<p>Nos restantes dias, regressamos sempre ao fim do dia \u00e0 marina para melhor conforto durante a noite e possibilidade de uma ida a terra para quem desejar.<\/p>\n","protected":false},"excerpt":{"rendered":"<p>Devido ao facto do nosso Liveaboard ser num catamaran, existe bastante menos balan\u00e7os, logo, mais conforto e incomparavelmente menos probabilidades de enjoar. Est\u00e1 previsto pernoitar-nos uma ou duas noites no exterior da marina, caso as condi\u00e7\u00f5es meteorologicas sejam favor\u00e1veis ao conforto, na calmaria de uma enseada ou no monte submarino Princesa Alice. Nos restantes dias, &#8230; <a class=\"more-link\" href=\"https:\/\/saildive.pt\/pt-pt\/dormindo-sob-as-estrelas\/\">Continue reading<\/a><\/p>\n","protected":false},"author":1,"featured_media":0,"parent":0,"menu_order":0,"comment_status":"closed","ping_status":"closed","template":"","meta":{"footnotes":""},"class_list":["post-3054","page","type-page","status-publish","hentry"],"yoast_head":"<!-- This site is optimized with the Yoast SEO plugin v27.4 - https:\/\/yoast.com\/product\/yoast-seo-wordpress\/ -->\n<title>DORMINDO SOB AS ESTRELAS - SailDive<\/title>\n<meta name=\"robots\" content=\"index, follow, max-snippet:-1, max-image-preview:large, max-video-preview:-1\" \/>\n<link rel=\"canonical\" href=\"https:\/\/saildive.pt\/pt-pt\/dormindo-sob-as-estrelas\/\" \/>\n<meta property=\"og:locale\" content=\"pt_PT\" \/>\n<meta property=\"og:type\" content=\"article\" \/>\n<meta property=\"og:title\" content=\"DORMINDO SOB AS ESTRELAS - SailDive\" \/>\n<meta property=\"og:description\" content=\"Devido ao facto do nosso Liveaboard ser num catamaran, existe bastante menos balan\u00e7os, logo, mais conforto e incomparavelmente menos probabilidades de enjoar. Est\u00e1 previsto pernoitar-nos uma ou duas noites no exterior da marina, caso as condi\u00e7\u00f5es meteorologicas sejam favor\u00e1veis ao conforto, na calmaria de uma enseada ou no monte submarino Princesa Alice. Nos restantes dias, [&hellip;]\" \/>\n<meta property=\"og:url\" content=\"https:\/\/saildive.pt\/pt-pt\/dormindo-sob-as-estrelas\/\" \/>\n<meta property=\"og:site_name\" content=\"SailDive\" \/>\n<meta property=\"article:modified_time\" content=\"2017-10-15T15:56:30+00:00\" \/>\n<meta name=\"twitter:card\" content=\"summary_large_image\" \/>\n<script type=\"application\/ld+json\" class=\"yoast-schema-graph\">{\"@context\":\"https:\\\/\\\/schema.org\",\"@graph\":[{\"@type\":\"WebPage\",\"@id\":\"https:\\\/\\\/saildive.pt\\\/pt-pt\\\/dormindo-sob-as-estrelas\\\/\",\"url\":\"https:\\\/\\\/saildive.pt\\\/pt-pt\\\/dormindo-sob-as-estrelas\\\/\",\"name\":\"DORMINDO SOB AS ESTRELAS - SailDive\",\"isPartOf\":{\"@id\":\"https:\\\/\\\/saildive.pt\\\/pt-pt\\\/?lang=pt-pt\\\/#website\"},\"datePublished\":\"2017-07-13T12:24:05+00:00\",\"dateModified\":\"2017-10-15T15:56:30+00:00\",\"breadcrumb\":{\"@id\":\"https:\\\/\\\/saildive.pt\\\/pt-pt\\\/dormindo-sob-as-estrelas\\\/#breadcrumb\"},\"inLanguage\":\"pt-PT\",\"potentialAction\":[{\"@type\":\"ReadAction\",\"target\":[\"https:\\\/\\\/saildive.pt\\\/pt-pt\\\/dormindo-sob-as-estrelas\\\/\"]}]},{\"@type\":\"BreadcrumbList\",\"@id\":\"https:\\\/\\\/saildive.pt\\\/pt-pt\\\/dormindo-sob-as-estrelas\\\/#breadcrumb\",\"itemListElement\":[{\"@type\":\"ListItem\",\"position\":1,\"name\":\"In\u00edcio\",\"item\":\"https:\\\/\\\/saildive.pt\\\/pt-pt\\\/?lang=pt-pt\"},{\"@type\":\"ListItem\",\"position\":2,\"name\":\"DORMINDO SOB AS ESTRELAS\"}]},{\"@type\":\"WebSite\",\"@id\":\"https:\\\/\\\/saildive.pt\\\/pt-pt\\\/?lang=pt-pt\\\/#website\",\"url\":\"https:\\\/\\\/saildive.pt\\\/pt-pt\\\/?lang=pt-pt\\\/\",\"name\":\"SailDive\",\"description\":\"Mergulho Liveaboard\",\"publisher\":{\"@id\":\"https:\\\/\\\/saildive.pt\\\/pt-pt\\\/?lang=pt-pt\\\/#organization\"},\"potentialAction\":[{\"@type\":\"SearchAction\",\"target\":{\"@type\":\"EntryPoint\",\"urlTemplate\":\"https:\\\/\\\/saildive.pt\\\/pt-pt\\\/?lang=pt-pt\\\/?s={search_term_string}\"},\"query-input\":{\"@type\":\"PropertyValueSpecification\",\"valueRequired\":true,\"valueName\":\"search_term_string\"}}],\"inLanguage\":\"pt-PT\"},{\"@type\":\"Organization\",\"@id\":\"https:\\\/\\\/saildive.pt\\\/pt-pt\\\/?lang=pt-pt\\\/#organization\",\"name\":\"SailDive - Azores Princess Alice Diving, Lda.\",\"url\":\"https:\\\/\\\/saildive.pt\\\/pt-pt\\\/?lang=pt-pt\\\/\",\"logo\":{\"@type\":\"ImageObject\",\"inLanguage\":\"pt-PT\",\"@id\":\"https:\\\/\\\/saildive.pt\\\/pt-pt\\\/?lang=pt-pt\\\/#\\\/schema\\\/logo\\\/image\\\/\",\"url\":\"https:\\\/\\\/saildive.pt\\\/wp-content\\\/uploads\\\/2017\\\/10\\\/22519581_126024008096162_8253545458201654831_n.png\",\"contentUrl\":\"https:\\\/\\\/saildive.pt\\\/wp-content\\\/uploads\\\/2017\\\/10\\\/22519581_126024008096162_8253545458201654831_n.png\",\"width\":709,\"height\":709,\"caption\":\"SailDive - Azores Princess Alice Diving, Lda.\"},\"image\":{\"@id\":\"https:\\\/\\\/saildive.pt\\\/pt-pt\\\/?lang=pt-pt\\\/#\\\/schema\\\/logo\\\/image\\\/\"}}]}<\/script>\n<!-- \/ Yoast SEO plugin. -->","yoast_head_json":{"title":"DORMINDO SOB AS ESTRELAS - SailDive","robots":{"index":"index","follow":"follow","max-snippet":"max-snippet:-1","max-image-preview":"max-image-preview:large","max-video-preview":"max-video-preview:-1"},"canonical":"https:\/\/saildive.pt\/pt-pt\/dormindo-sob-as-estrelas\/","og_locale":"pt_PT","og_type":"article","og_title":"DORMINDO SOB AS ESTRELAS - SailDive","og_description":"Devido ao facto do nosso Liveaboard ser num catamaran, existe bastante menos balan\u00e7os, logo, mais conforto e incomparavelmente menos probabilidades de enjoar. Est\u00e1 previsto pernoitar-nos uma ou duas noites no exterior da marina, caso as condi\u00e7\u00f5es meteorologicas sejam favor\u00e1veis ao conforto, na calmaria de uma enseada ou no monte submarino Princesa Alice. Nos restantes dias, [&hellip;]","og_url":"https:\/\/saildive.pt\/pt-pt\/dormindo-sob-as-estrelas\/","og_site_name":"SailDive","article_modified_time":"2017-10-15T15:56:30+00:00","twitter_card":"summary_large_image","schema":{"@context":"https:\/\/schema.org","@graph":[{"@type":"WebPage","@id":"https:\/\/saildive.pt\/pt-pt\/dormindo-sob-as-estrelas\/","url":"https:\/\/saildive.pt\/pt-pt\/dormindo-sob-as-estrelas\/","name":"DORMINDO SOB AS ESTRELAS - SailDive","isPartOf":{"@id":"https:\/\/saildive.pt\/pt-pt\/?lang=pt-pt\/#website"},"datePublished":"2017-07-13T12:24:05+00:00","dateModified":"2017-10-15T15:56:30+00:00","breadcrumb":{"@id":"https:\/\/saildive.pt\/pt-pt\/dormindo-sob-as-estrelas\/#breadcrumb"},"inLanguage":"pt-PT","potentialAction":[{"@type":"ReadAction","target":["https:\/\/saildive.pt\/pt-pt\/dormindo-sob-as-estrelas\/"]}]},{"@type":"BreadcrumbList","@id":"https:\/\/saildive.pt\/pt-pt\/dormindo-sob-as-estrelas\/#breadcrumb","itemListElement":[{"@type":"ListItem","position":1,"name":"In\u00edcio","item":"https:\/\/saildive.pt\/pt-pt\/?lang=pt-pt"},{"@type":"ListItem","position":2,"name":"DORMINDO SOB AS ESTRELAS"}]},{"@type":"WebSite","@id":"https:\/\/saildive.pt\/pt-pt\/?lang=pt-pt\/#website","url":"https:\/\/saildive.pt\/pt-pt\/?lang=pt-pt\/","name":"SailDive","description":"Mergulho Liveaboard","publisher":{"@id":"https:\/\/saildive.pt\/pt-pt\/?lang=pt-pt\/#organization"},"potentialAction":[{"@type":"SearchAction","target":{"@type":"EntryPoint","urlTemplate":"https:\/\/saildive.pt\/pt-pt\/?lang=pt-pt\/?s={search_term_string}"},"query-input":{"@type":"PropertyValueSpecification","valueRequired":true,"valueName":"search_term_string"}}],"inLanguage":"pt-PT"},{"@type":"Organization","@id":"https:\/\/saildive.pt\/pt-pt\/?lang=pt-pt\/#organization","name":"SailDive - Azores Princess Alice Diving, Lda.","url":"https:\/\/saildive.pt\/pt-pt\/?lang=pt-pt\/","logo":{"@type":"ImageObject","inLanguage":"pt-PT","@id":"https:\/\/saildive.pt\/pt-pt\/?lang=pt-pt\/#\/schema\/logo\/image\/","url":"https:\/\/saildive.pt\/wp-content\/uploads\/2017\/10\/22519581_126024008096162_8253545458201654831_n.png","contentUrl":"https:\/\/saildive.pt\/wp-content\/uploads\/2017\/10\/22519581_126024008096162_8253545458201654831_n.png","width":709,"height":709,"caption":"SailDive - Azores Princess Alice Diving, Lda."},"image":{"@id":"https:\/\/saildive.pt\/pt-pt\/?lang=pt-pt\/#\/schema\/logo\/image\/"}}]}},"_links":{"self":[{"href":"https:\/\/saildive.pt\/pt-pt\/wp-json\/wp\/v2\/pages\/3054","targetHints":{"allow":["GET"]}}],"collection":[{"href":"https:\/\/saildive.pt\/pt-pt\/wp-json\/wp\/v2\/pages"}],"about":[{"href":"https:\/\/saildive.pt\/pt-pt\/wp-json\/wp\/v2\/types\/page"}],"author":[{"embeddable":true,"href":"https:\/\/saildive.pt\/pt-pt\/wp-json\/wp\/v2\/users\/1"}],"replies":[{"embeddable":true,"href":"https:\/\/saildive.pt\/pt-pt\/wp-json\/wp\/v2\/comments?post=3054"}],"version-history":[{"count":3,"href":"https:\/\/saildive.pt\/pt-pt\/wp-json\/wp\/v2\/pages\/3054\/revisions"}],"predecessor-version":[{"id":3887,"href":"https:\/\/saildive.pt\/pt-pt\/wp-json\/wp\/v2\/pages\/3054\/revisions\/3887"}],"wp:attachment":[{"href":"https:\/\/saildive.pt\/pt-pt\/wp-json\/wp\/v2\/media?parent=3054"}],"curies":[{"name":"wp","href":"https:\/\/api.w.org\/{rel}","templated":true}]}}