{"id":3210,"date":"2017-07-14T10:57:27","date_gmt":"2017-07-14T10:57:27","guid":{"rendered":"http:\/\/saildive.pt\/?page_id=3210"},"modified":"2017-07-14T11:01:27","modified_gmt":"2017-07-14T11:01:27","slug":"princesa-alice-bank","status":"publish","type":"page","link":"https:\/\/saildive.pt\/pt-pt\/princesa-alice-bank\/","title":{"rendered":"Princesa Alice Bank"},"content":{"rendered":"<p>[vc_row rt_row_background_width=&#8221;fullwidth&#8221; rt_row_content_width=&#8221;default&#8221; rt_row_style=&#8221;default-style&#8221; rt_row_height=&#8221;&#8221; rt_row_borders=&#8221;&#8221; rt_row_shadows=&#8221;&#8221; rt_column_gaps=&#8221;&#8221; rt_row_paddings=&#8221;true&#8221; rt_bg_effect=&#8221;classic&#8221; rt_transparent_bg=&#8221;&#8221; rt_bg_image_repeat=&#8221;repeat&#8221; rt_bg_size=&#8221;cover&#8221; rt_bg_position=&#8221;right top&#8221; rt_bg_attachment=&#8221;scroll&#8221; rt_bg_video_format=&#8221;self-hosted&#8221; rt_padding_top=&#8221;30&#8243; rt_padding_bottom=&#8221;0&#8243;][vc_column rt_col_paddings=&#8221;true&#8221; rt_wrp_col_paddings=&#8221;false&#8221; rt_column_shadow=&#8221;&#8221; rt_border_top=&#8221;&#8221; rt_border_bottom=&#8221;&#8221; rt_border_left=&#8221;&#8221; rt_border_right=&#8221;&#8221; rt_border_top_mobile=&#8221;&#8221; rt_border_bottom_mobile=&#8221;&#8221; rt_border_left_mobile=&#8221;&#8221; rt_border_right_mobile=&#8221;&#8221; rt_bg_image_repeat=&#8221;repeat&#8221; rt_bg_size=&#8221;auto auto&#8221; rt_bg_position=&#8221;right top&#8221; rt_bg_attachment=&#8221;scroll&#8221; rt_bg_color=&#8221;&#8221; rt_bg_overlay_color=&#8221;&#8221;]\r\n\t\t\t<div class=\"rt-gallery clearfix  grid-gallery fixed_heights\" id=\"  \"><div class=\"row clearfix\">\n\r\n\t\t\t\t\t<div class=\"col col-sm-4 col-xs-12\">\r\n\t\t\t\t\t\t<div class=\"gallery-item-holder has-overlay\">\r\n\t\t\t\t\t\t\t<a id=\"lightbox-363105\" class=\"imgeffect zoom rt_lightbox\" data-gal-id=\"\" data-rel=\"rt_lightbox\" title=\"Enlarge Image\" data-title=\"Happy couple\" data-sub-html=\"\" data-src=\"\" data-width=\"\" data-height=\"\" data-poster=\"\" data-autoplay=\"\" data-audiotitle=\"\" data-download-url=\"false\" href=\"http:\/\/saildive.pt\/wp-content\/uploads\/2016\/06\/photo-gallery8.jpg\">\r\n\t\t\t\t\t\t\t\t\t\t\t\t\t\t\t<div class=\"image-thumbnail\">\r\n\t\t\t\t\t\t\t\t\t\t\t\t\t\t\t\t<img decoding=\"async\" src=\"https:\/\/saildive.pt\/wp-content\/uploads\/2016\/06\/photo-gallery8-600x600.jpg\" alt=\"\">\r\n\t\t\t\t\t\t\t\t\t\t\t\t\t\t\t<\/div>\r\n\r\n\t\t\t\t\t\t\t\t\t\t\t\t\t\t\t<div class=\"overlay-text\">\r\n\t\t\t\t\t\t\t\t\t\t\t\t\t\t\t\t<span>Happy couple<\/span>\r\n\t\t\t\t\t\t\t\t\t\t\t\t\t\t\t\t\r\n\t\t\t\t\t\t\t\t\t\t\t\t\t\t\t<\/div>\r\n\t\t\t\t\t\t\t\t\t\t\t\t\t\t\t<\/a>\r\n\t\t\t\t\t\t<\/div>\r\n\t\t\t\t\t<\/div>\r\n\t\t\t\t\t<div class=\"col col-sm-4 col-xs-12\">\r\n\t\t\t\t\t\t<div class=\"gallery-item-holder has-overlay\">\r\n\t\t\t\t\t\t\t<a id=\"lightbox-564343\" class=\"imgeffect zoom rt_lightbox\" data-gal-id=\"\" data-rel=\"rt_lightbox\" title=\"Enlarge Image\" data-title=\"Golf club\" data-sub-html=\"\" data-src=\"\" data-width=\"\" data-height=\"\" data-poster=\"\" data-autoplay=\"\" data-audiotitle=\"\" data-download-url=\"false\" href=\"http:\/\/saildive.pt\/wp-content\/uploads\/2016\/06\/photo-gallery2.jpg\">\r\n\t\t\t\t\t\t\t\t\t\t\t\t\t\t\t<div class=\"image-thumbnail\">\r\n\t\t\t\t\t\t\t\t\t\t\t\t\t\t\t\t<img decoding=\"async\" src=\"https:\/\/saildive.pt\/wp-content\/uploads\/2016\/06\/photo-gallery2-600x600.jpg\" alt=\"\">\r\n\t\t\t\t\t\t\t\t\t\t\t\t\t\t\t<\/div>\r\n\r\n\t\t\t\t\t\t\t\t\t\t\t\t\t\t\t<div class=\"overlay-text\">\r\n\t\t\t\t\t\t\t\t\t\t\t\t\t\t\t\t<span>Golf club<\/span>\r\n\t\t\t\t\t\t\t\t\t\t\t\t\t\t\t\t\r\n\t\t\t\t\t\t\t\t\t\t\t\t\t\t\t<\/div>\r\n\t\t\t\t\t\t\t\t\t\t\t\t\t\t\t<\/a>\r\n\t\t\t\t\t\t<\/div>\r\n\t\t\t\t\t<\/div>\r\n\t\t\t\t\t<div class=\"col col-sm-4 col-xs-12\">\r\n\t\t\t\t\t\t<div class=\"gallery-item-holder has-overlay\">\r\n\t\t\t\t\t\t\t<a id=\"lightbox-704576\" class=\"imgeffect zoom rt_lightbox\" data-gal-id=\"\" data-rel=\"rt_lightbox\" title=\"Enlarge Image\" data-title=\"Private yacht your\" data-sub-html=\"\" data-src=\"\" data-width=\"\" data-height=\"\" data-poster=\"\" data-autoplay=\"\" data-audiotitle=\"\" data-download-url=\"false\" href=\"http:\/\/saildive.pt\/wp-content\/uploads\/2016\/06\/photo-gallery3.jpg\">\r\n\t\t\t\t\t\t\t\t\t\t\t\t\t\t\t<div class=\"image-thumbnail\">\r\n\t\t\t\t\t\t\t\t\t\t\t\t\t\t\t\t<img decoding=\"async\" src=\"https:\/\/saildive.pt\/wp-content\/uploads\/2016\/06\/photo-gallery3-600x600.jpg\" alt=\"\">\r\n\t\t\t\t\t\t\t\t\t\t\t\t\t\t\t<\/div>\r\n\r\n\t\t\t\t\t\t\t\t\t\t\t\t\t\t\t<div class=\"overlay-text\">\r\n\t\t\t\t\t\t\t\t\t\t\t\t\t\t\t\t<span>Private yacht your<\/span>\r\n\t\t\t\t\t\t\t\t\t\t\t\t\t\t\t\t\r\n\t\t\t\t\t\t\t\t\t\t\t\t\t\t\t<\/div>\r\n\t\t\t\t\t\t\t\t\t\t\t\t\t\t\t<\/a>\r\n\t\t\t\t\t\t<\/div>\r\n\t\t\t\t\t<\/div><\/div>\n<div class=\"row clearfix\">\n\r\n\t\t\t\t\t<div class=\"col col-sm-4 col-xs-12\">\r\n\t\t\t\t\t\t<div class=\"gallery-item-holder has-overlay\">\r\n\t\t\t\t\t\t\t<a id=\"lightbox-897396\" class=\"imgeffect zoom rt_lightbox\" data-gal-id=\"\" data-rel=\"rt_lightbox\" title=\"Enlarge Image\" data-title=\"Picnic\" data-sub-html=\"\" data-src=\"\" data-width=\"\" data-height=\"\" data-poster=\"\" data-autoplay=\"\" data-audiotitle=\"\" data-download-url=\"false\" href=\"http:\/\/saildive.pt\/wp-content\/uploads\/2016\/06\/photo-gallery9.jpg\">\r\n\t\t\t\t\t\t\t\t\t\t\t\t\t\t\t<div class=\"image-thumbnail\">\r\n\t\t\t\t\t\t\t\t\t\t\t\t\t\t\t\t<img decoding=\"async\" src=\"https:\/\/saildive.pt\/wp-content\/uploads\/2016\/06\/photo-gallery9-600x600.jpg\" alt=\"\">\r\n\t\t\t\t\t\t\t\t\t\t\t\t\t\t\t<\/div>\r\n\r\n\t\t\t\t\t\t\t\t\t\t\t\t\t\t\t<div class=\"overlay-text\">\r\n\t\t\t\t\t\t\t\t\t\t\t\t\t\t\t\t<span>Picnic<\/span>\r\n\t\t\t\t\t\t\t\t\t\t\t\t\t\t\t\t\r\n\t\t\t\t\t\t\t\t\t\t\t\t\t\t\t<\/div>\r\n\t\t\t\t\t\t\t\t\t\t\t\t\t\t\t<\/a>\r\n\t\t\t\t\t\t<\/div>\r\n\t\t\t\t\t<\/div>\r\n\t\t\t\t\t<div class=\"col col-sm-4 col-xs-12\">\r\n\t\t\t\t\t\t<div class=\"gallery-item-holder has-overlay\">\r\n\t\t\t\t\t\t\t<a id=\"lightbox-178399\" class=\"imgeffect zoom rt_lightbox\" data-gal-id=\"\" data-rel=\"rt_lightbox\" title=\"Enlarge Image\" data-title=\"Towel art\" data-sub-html=\"\" data-src=\"\" data-width=\"\" data-height=\"\" data-poster=\"\" data-autoplay=\"\" data-audiotitle=\"\" data-download-url=\"false\" href=\"http:\/\/saildive.pt\/wp-content\/uploads\/2016\/06\/photo-gallery4.jpg\">\r\n\t\t\t\t\t\t\t\t\t\t\t\t\t\t\t<div class=\"image-thumbnail\">\r\n\t\t\t\t\t\t\t\t\t\t\t\t\t\t\t\t<img decoding=\"async\" src=\"https:\/\/saildive.pt\/wp-content\/uploads\/2016\/06\/photo-gallery4-600x600.jpg\" alt=\"\">\r\n\t\t\t\t\t\t\t\t\t\t\t\t\t\t\t<\/div>\r\n\r\n\t\t\t\t\t\t\t\t\t\t\t\t\t\t\t<div class=\"overlay-text\">\r\n\t\t\t\t\t\t\t\t\t\t\t\t\t\t\t\t<span>Towel art<\/span>\r\n\t\t\t\t\t\t\t\t\t\t\t\t\t\t\t\t\r\n\t\t\t\t\t\t\t\t\t\t\t\t\t\t\t<\/div>\r\n\t\t\t\t\t\t\t\t\t\t\t\t\t\t\t<\/a>\r\n\t\t\t\t\t\t<\/div>\r\n\t\t\t\t\t<\/div>\r\n\t\t\t\t\t<div class=\"col col-sm-4 col-xs-12\">\r\n\t\t\t\t\t\t<div class=\"gallery-item-holder has-overlay\">\r\n\t\t\t\t\t\t\t<a id=\"lightbox-672679\" class=\"imgeffect zoom rt_lightbox\" data-gal-id=\"\" data-rel=\"rt_lightbox\" title=\"Enlarge Image\" data-title=\"Honeymoon\" data-sub-html=\"\" data-src=\"\" data-width=\"\" data-height=\"\" data-poster=\"\" data-autoplay=\"\" data-audiotitle=\"\" data-download-url=\"false\" href=\"http:\/\/saildive.pt\/wp-content\/uploads\/2016\/06\/photo-gallery5.jpg\">\r\n\t\t\t\t\t\t\t\t\t\t\t\t\t\t\t<div class=\"image-thumbnail\">\r\n\t\t\t\t\t\t\t\t\t\t\t\t\t\t\t\t<img decoding=\"async\" src=\"https:\/\/saildive.pt\/wp-content\/uploads\/2016\/06\/photo-gallery5-600x600.jpg\" alt=\"\">\r\n\t\t\t\t\t\t\t\t\t\t\t\t\t\t\t<\/div>\r\n\r\n\t\t\t\t\t\t\t\t\t\t\t\t\t\t\t<div class=\"overlay-text\">\r\n\t\t\t\t\t\t\t\t\t\t\t\t\t\t\t\t<span>Honeymoon<\/span>\r\n\t\t\t\t\t\t\t\t\t\t\t\t\t\t\t\t\r\n\t\t\t\t\t\t\t\t\t\t\t\t\t\t\t<\/div>\r\n\t\t\t\t\t\t\t\t\t\t\t\t\t\t\t<\/a>\r\n\t\t\t\t\t\t<\/div>\r\n\t\t\t\t\t<\/div><\/div>\n<\/div> \r\n\t\t[\/vc_column][\/vc_row][vc_row rt_row_background_width=&#8221;fullwidth&#8221; rt_row_content_width=&#8221;default&#8221; rt_row_style=&#8221;default-style&#8221; rt_row_height=&#8221;&#8221; rt_row_borders=&#8221;&#8221; rt_row_shadows=&#8221;&#8221; rt_column_gaps=&#8221;&#8221; rt_row_paddings=&#8221;true&#8221; rt_bg_effect=&#8221;classic&#8221; rt_transparent_bg=&#8221;&#8221; rt_bg_image_repeat=&#8221;repeat&#8221; rt_bg_size=&#8221;cover&#8221; rt_bg_position=&#8221;right top&#8221; rt_bg_attachment=&#8221;scroll&#8221; rt_bg_video_format=&#8221;self-hosted&#8221;][vc_column rt_col_paddings=&#8221;true&#8221; rt_wrp_col_paddings=&#8221;false&#8221; rt_column_shadow=&#8221;&#8221; rt_border_top=&#8221;&#8221; rt_border_bottom=&#8221;&#8221; rt_border_left=&#8221;&#8221; rt_border_right=&#8221;&#8221; rt_border_top_mobile=&#8221;&#8221; rt_border_bottom_mobile=&#8221;&#8221; rt_border_left_mobile=&#8221;&#8221; rt_border_right_mobile=&#8221;&#8221; rt_bg_image_repeat=&#8221;repeat&#8221; rt_bg_size=&#8221;auto auto&#8221; rt_bg_position=&#8221;right top&#8221; rt_bg_attachment=&#8221;scroll&#8221;][vc_column_text]<\/p>\n<p>&nbsp;<\/p>\n<p>Fruto da origem vulc\u00e2nica destas ilhas, o Monte Submarino Princesa Alice surge de uma grande eleva\u00e7\u00e3o de rochas que emerge de\u00a0grandes profundidade do fundo oce\u00e2nico, at\u00e9 poucos metros da superf\u00edcie (32 metros).\u00a0Este fant\u00e1stico local, situado a grande dist\u00e2ncia da costa (44 milhas), representa o ex-libris do mergulho\u00a0nos A\u00e7ores.<\/p>\n<p>O fundo marinho\u00a0 conta com a presen\u00e7a das esp\u00e9cies t\u00edpicas dos mares dos A\u00e7ores mas com dimens\u00f5es e abund\u00e2ncias\u00a0maiores.<\/p>\n<p>No fundo \u2013 predominam os Meros, Peixes C\u00e3o, Peixes Porcos, Uges, Moreias, entre outros, mas \u00e9 a vida que se\u00a0encontra na coluna de \u00e1gua mais junto \u00e0 superf\u00edcie que torna este local de mergulho m\u00edtico. O famoso cardume de Irios (pelo menos mais de uma dezena dos peixes deste cardume tem mais de 30 Kg) e grupos de graciosas Jamantas\u00a0 (Mobulas) que abrem frequente caminho por entre cardumes de Bicudas, Peixes Porcos, Bonitos e Serras que chegam a\u00a0atingir cardumes de v\u00e1rias centenas de peixes. Com um pouco de sorte, em agosto e setembro, poder\u00e1 tamb\u00e9m vislumbrar algum dos Tubar\u00f5es Baleia que aparecem ocasionalmente neste local.<\/p>\n<p>A viagem de barco at\u00e9 este local, por seu turno, a maioria das vezes revela-se uma aventura por si s\u00f3, com o\u00a0avistamento de Golfinhos, Tartarugas marinhas e Baleias.[\/vc_column_text][\/vc_column][\/vc_row]<\/p>\n","protected":false},"excerpt":{"rendered":"<p>[vc_row rt_row_background_width=&#8221;fullwidth&#8221; rt_row_content_width=&#8221;default&#8221; rt_row_style=&#8221;default-style&#8221; rt_row_height=&#8221;&#8221; rt_row_borders=&#8221;&#8221; rt_row_shadows=&#8221;&#8221; rt_column_gaps=&#8221;&#8221; rt_row_paddings=&#8221;true&#8221; rt_bg_effect=&#8221;classic&#8221; rt_transparent_bg=&#8221;&#8221; rt_bg_image_repeat=&#8221;repeat&#8221; rt_bg_size=&#8221;cover&#8221; rt_bg_position=&#8221;right top&#8221; rt_bg_attachment=&#8221;scroll&#8221; rt_bg_video_format=&#8221;self-hosted&#8221; rt_padding_top=&#8221;30&#8243; rt_padding_bottom=&#8221;0&#8243;][vc_column rt_col_paddings=&#8221;true&#8221; rt_wrp_col_paddings=&#8221;false&#8221; rt_column_shadow=&#8221;&#8221; rt_border_top=&#8221;&#8221; rt_border_bottom=&#8221;&#8221; rt_border_left=&#8221;&#8221; rt_border_right=&#8221;&#8221; rt_border_top_mobile=&#8221;&#8221; rt_border_bottom_mobile=&#8221;&#8221; rt_border_left_mobile=&#8221;&#8221; rt_border_right_mobile=&#8221;&#8221; rt_bg_image_repeat=&#8221;repeat&#8221; rt_bg_size=&#8221;auto auto&#8221; rt_bg_position=&#8221;right top&#8221; rt_bg_attachment=&#8221;scroll&#8221; rt_bg_color=&#8221;&#8221; rt_bg_overlay_color=&#8221;&#8221;][\/vc_column][\/vc_row][vc_row rt_row_background_width=&#8221;fullwidth&#8221; rt_row_content_width=&#8221;default&#8221; rt_row_style=&#8221;default-style&#8221; rt_row_height=&#8221;&#8221; rt_row_borders=&#8221;&#8221; rt_row_shadows=&#8221;&#8221; rt_column_gaps=&#8221;&#8221; rt_row_paddings=&#8221;true&#8221; rt_bg_effect=&#8221;classic&#8221; rt_transparent_bg=&#8221;&#8221; rt_bg_image_repeat=&#8221;repeat&#8221; rt_bg_size=&#8221;cover&#8221; rt_bg_position=&#8221;right top&#8221; rt_bg_attachment=&#8221;scroll&#8221; rt_bg_video_format=&#8221;self-hosted&#8221;][vc_column rt_col_paddings=&#8221;true&#8221; &#8230; <a class=\"more-link\" href=\"https:\/\/saildive.pt\/pt-pt\/princesa-alice-bank\/\">Continue reading<\/a><\/p>\n","protected":false},"author":1,"featured_media":0,"parent":0,"menu_order":0,"comment_status":"closed","ping_status":"closed","template":"","meta":{"footnotes":""},"class_list":["post-3210","page","type-page","status-publish","hentry"],"yoast_head":"<!-- This site is optimized with the Yoast SEO plugin v27.3 - https:\/\/yoast.com\/product\/yoast-seo-wordpress\/ -->\n<title>Princesa Alice Bank - SailDive<\/title>\n<meta name=\"robots\" content=\"index, follow, max-snippet:-1, max-image-preview:large, max-video-preview:-1\" \/>\n<link rel=\"canonical\" href=\"https:\/\/saildive.pt\/pt-pt\/princesa-alice-bank\/\" \/>\n<meta property=\"og:locale\" content=\"pt_PT\" \/>\n<meta property=\"og:type\" content=\"article\" \/>\n<meta property=\"og:title\" content=\"Princesa Alice Bank - SailDive\" \/>\n<meta property=\"og:description\" content=\"[vc_row rt_row_background_width=&#8221;fullwidth&#8221; rt_row_content_width=&#8221;default&#8221; rt_row_style=&#8221;default-style&#8221; rt_row_height=&#8221;&#8221; rt_row_borders=&#8221;&#8221; rt_row_shadows=&#8221;&#8221; rt_column_gaps=&#8221;&#8221; rt_row_paddings=&#8221;true&#8221; rt_bg_effect=&#8221;classic&#8221; rt_transparent_bg=&#8221;&#8221; rt_bg_image_repeat=&#8221;repeat&#8221; rt_bg_size=&#8221;cover&#8221; rt_bg_position=&#8221;right top&#8221; rt_bg_attachment=&#8221;scroll&#8221; rt_bg_video_format=&#8221;self-hosted&#8221; rt_padding_top=&#8221;30&#8243; rt_padding_bottom=&#8221;0&#8243;][vc_column rt_col_paddings=&#8221;true&#8221; rt_wrp_col_paddings=&#8221;false&#8221; rt_column_shadow=&#8221;&#8221; rt_border_top=&#8221;&#8221; rt_border_bottom=&#8221;&#8221; rt_border_left=&#8221;&#8221; rt_border_right=&#8221;&#8221; rt_border_top_mobile=&#8221;&#8221; rt_border_bottom_mobile=&#8221;&#8221; rt_border_left_mobile=&#8221;&#8221; rt_border_right_mobile=&#8221;&#8221; rt_bg_image_repeat=&#8221;repeat&#8221; rt_bg_size=&#8221;auto auto&#8221; rt_bg_position=&#8221;right top&#8221; rt_bg_attachment=&#8221;scroll&#8221; rt_bg_color=&#8221;&#8221; rt_bg_overlay_color=&#8221;&#8221;][\/vc_column][\/vc_row][vc_row rt_row_background_width=&#8221;fullwidth&#8221; rt_row_content_width=&#8221;default&#8221; rt_row_style=&#8221;default-style&#8221; rt_row_height=&#8221;&#8221; rt_row_borders=&#8221;&#8221; rt_row_shadows=&#8221;&#8221; rt_column_gaps=&#8221;&#8221; rt_row_paddings=&#8221;true&#8221; rt_bg_effect=&#8221;classic&#8221; rt_transparent_bg=&#8221;&#8221; rt_bg_image_repeat=&#8221;repeat&#8221; rt_bg_size=&#8221;cover&#8221; rt_bg_position=&#8221;right top&#8221; rt_bg_attachment=&#8221;scroll&#8221; rt_bg_video_format=&#8221;self-hosted&#8221;][vc_column rt_col_paddings=&#8221;true&#8221; [&hellip;]\" \/>\n<meta property=\"og:url\" content=\"https:\/\/saildive.pt\/pt-pt\/princesa-alice-bank\/\" \/>\n<meta property=\"og:site_name\" content=\"SailDive\" \/>\n<meta property=\"article:modified_time\" content=\"2017-07-14T11:01:27+00:00\" \/>\n<meta name=\"twitter:card\" content=\"summary_large_image\" \/>\n<meta name=\"twitter:label1\" content=\"Tempo estimado de leitura\" \/>\n\t<meta name=\"twitter:data1\" content=\"3 minutos\" \/>\n<script type=\"application\/ld+json\" class=\"yoast-schema-graph\">{\"@context\":\"https:\\\/\\\/schema.org\",\"@graph\":[{\"@type\":\"WebPage\",\"@id\":\"https:\\\/\\\/saildive.pt\\\/pt-pt\\\/princesa-alice-bank\\\/\",\"url\":\"https:\\\/\\\/saildive.pt\\\/pt-pt\\\/princesa-alice-bank\\\/\",\"name\":\"Princesa Alice Bank - SailDive\",\"isPartOf\":{\"@id\":\"https:\\\/\\\/saildive.pt\\\/pt-pt\\\/?lang=pt-pt\\\/#website\"},\"datePublished\":\"2017-07-14T10:57:27+00:00\",\"dateModified\":\"2017-07-14T11:01:27+00:00\",\"breadcrumb\":{\"@id\":\"https:\\\/\\\/saildive.pt\\\/pt-pt\\\/princesa-alice-bank\\\/#breadcrumb\"},\"inLanguage\":\"pt-PT\",\"potentialAction\":[{\"@type\":\"ReadAction\",\"target\":[\"https:\\\/\\\/saildive.pt\\\/pt-pt\\\/princesa-alice-bank\\\/\"]}]},{\"@type\":\"BreadcrumbList\",\"@id\":\"https:\\\/\\\/saildive.pt\\\/pt-pt\\\/princesa-alice-bank\\\/#breadcrumb\",\"itemListElement\":[{\"@type\":\"ListItem\",\"position\":1,\"name\":\"In\u00edcio\",\"item\":\"https:\\\/\\\/saildive.pt\\\/pt-pt\\\/?lang=pt-pt\"},{\"@type\":\"ListItem\",\"position\":2,\"name\":\"Princesa Alice Bank\"}]},{\"@type\":\"WebSite\",\"@id\":\"https:\\\/\\\/saildive.pt\\\/pt-pt\\\/?lang=pt-pt\\\/#website\",\"url\":\"https:\\\/\\\/saildive.pt\\\/pt-pt\\\/?lang=pt-pt\\\/\",\"name\":\"SailDive\",\"description\":\"Mergulho Liveaboard\",\"publisher\":{\"@id\":\"https:\\\/\\\/saildive.pt\\\/pt-pt\\\/?lang=pt-pt\\\/#organization\"},\"potentialAction\":[{\"@type\":\"SearchAction\",\"target\":{\"@type\":\"EntryPoint\",\"urlTemplate\":\"https:\\\/\\\/saildive.pt\\\/pt-pt\\\/?lang=pt-pt\\\/?s={search_term_string}\"},\"query-input\":{\"@type\":\"PropertyValueSpecification\",\"valueRequired\":true,\"valueName\":\"search_term_string\"}}],\"inLanguage\":\"pt-PT\"},{\"@type\":\"Organization\",\"@id\":\"https:\\\/\\\/saildive.pt\\\/pt-pt\\\/?lang=pt-pt\\\/#organization\",\"name\":\"SailDive - Azores Princess Alice Diving, Lda.\",\"url\":\"https:\\\/\\\/saildive.pt\\\/pt-pt\\\/?lang=pt-pt\\\/\",\"logo\":{\"@type\":\"ImageObject\",\"inLanguage\":\"pt-PT\",\"@id\":\"https:\\\/\\\/saildive.pt\\\/pt-pt\\\/?lang=pt-pt\\\/#\\\/schema\\\/logo\\\/image\\\/\",\"url\":\"https:\\\/\\\/saildive.pt\\\/wp-content\\\/uploads\\\/2017\\\/10\\\/22519581_126024008096162_8253545458201654831_n.png\",\"contentUrl\":\"https:\\\/\\\/saildive.pt\\\/wp-content\\\/uploads\\\/2017\\\/10\\\/22519581_126024008096162_8253545458201654831_n.png\",\"width\":709,\"height\":709,\"caption\":\"SailDive - Azores Princess Alice Diving, Lda.\"},\"image\":{\"@id\":\"https:\\\/\\\/saildive.pt\\\/pt-pt\\\/?lang=pt-pt\\\/#\\\/schema\\\/logo\\\/image\\\/\"}}]}<\/script>\n<!-- \/ Yoast SEO plugin. -->","yoast_head_json":{"title":"Princesa Alice Bank - SailDive","robots":{"index":"index","follow":"follow","max-snippet":"max-snippet:-1","max-image-preview":"max-image-preview:large","max-video-preview":"max-video-preview:-1"},"canonical":"https:\/\/saildive.pt\/pt-pt\/princesa-alice-bank\/","og_locale":"pt_PT","og_type":"article","og_title":"Princesa Alice Bank - SailDive","og_description":"[vc_row rt_row_background_width=&#8221;fullwidth&#8221; rt_row_content_width=&#8221;default&#8221; rt_row_style=&#8221;default-style&#8221; rt_row_height=&#8221;&#8221; rt_row_borders=&#8221;&#8221; rt_row_shadows=&#8221;&#8221; rt_column_gaps=&#8221;&#8221; rt_row_paddings=&#8221;true&#8221; rt_bg_effect=&#8221;classic&#8221; rt_transparent_bg=&#8221;&#8221; rt_bg_image_repeat=&#8221;repeat&#8221; rt_bg_size=&#8221;cover&#8221; rt_bg_position=&#8221;right top&#8221; rt_bg_attachment=&#8221;scroll&#8221; rt_bg_video_format=&#8221;self-hosted&#8221; rt_padding_top=&#8221;30&#8243; rt_padding_bottom=&#8221;0&#8243;][vc_column rt_col_paddings=&#8221;true&#8221; rt_wrp_col_paddings=&#8221;false&#8221; rt_column_shadow=&#8221;&#8221; rt_border_top=&#8221;&#8221; rt_border_bottom=&#8221;&#8221; rt_border_left=&#8221;&#8221; rt_border_right=&#8221;&#8221; rt_border_top_mobile=&#8221;&#8221; rt_border_bottom_mobile=&#8221;&#8221; rt_border_left_mobile=&#8221;&#8221; rt_border_right_mobile=&#8221;&#8221; rt_bg_image_repeat=&#8221;repeat&#8221; rt_bg_size=&#8221;auto auto&#8221; rt_bg_position=&#8221;right top&#8221; rt_bg_attachment=&#8221;scroll&#8221; rt_bg_color=&#8221;&#8221; rt_bg_overlay_color=&#8221;&#8221;][\/vc_column][\/vc_row][vc_row rt_row_background_width=&#8221;fullwidth&#8221; rt_row_content_width=&#8221;default&#8221; rt_row_style=&#8221;default-style&#8221; rt_row_height=&#8221;&#8221; rt_row_borders=&#8221;&#8221; rt_row_shadows=&#8221;&#8221; rt_column_gaps=&#8221;&#8221; rt_row_paddings=&#8221;true&#8221; rt_bg_effect=&#8221;classic&#8221; rt_transparent_bg=&#8221;&#8221; rt_bg_image_repeat=&#8221;repeat&#8221; rt_bg_size=&#8221;cover&#8221; rt_bg_position=&#8221;right top&#8221; rt_bg_attachment=&#8221;scroll&#8221; rt_bg_video_format=&#8221;self-hosted&#8221;][vc_column rt_col_paddings=&#8221;true&#8221; [&hellip;]","og_url":"https:\/\/saildive.pt\/pt-pt\/princesa-alice-bank\/","og_site_name":"SailDive","article_modified_time":"2017-07-14T11:01:27+00:00","twitter_card":"summary_large_image","twitter_misc":{"Tempo estimado de leitura":"3 minutos"},"schema":{"@context":"https:\/\/schema.org","@graph":[{"@type":"WebPage","@id":"https:\/\/saildive.pt\/pt-pt\/princesa-alice-bank\/","url":"https:\/\/saildive.pt\/pt-pt\/princesa-alice-bank\/","name":"Princesa Alice Bank - SailDive","isPartOf":{"@id":"https:\/\/saildive.pt\/pt-pt\/?lang=pt-pt\/#website"},"datePublished":"2017-07-14T10:57:27+00:00","dateModified":"2017-07-14T11:01:27+00:00","breadcrumb":{"@id":"https:\/\/saildive.pt\/pt-pt\/princesa-alice-bank\/#breadcrumb"},"inLanguage":"pt-PT","potentialAction":[{"@type":"ReadAction","target":["https:\/\/saildive.pt\/pt-pt\/princesa-alice-bank\/"]}]},{"@type":"BreadcrumbList","@id":"https:\/\/saildive.pt\/pt-pt\/princesa-alice-bank\/#breadcrumb","itemListElement":[{"@type":"ListItem","position":1,"name":"In\u00edcio","item":"https:\/\/saildive.pt\/pt-pt\/?lang=pt-pt"},{"@type":"ListItem","position":2,"name":"Princesa Alice Bank"}]},{"@type":"WebSite","@id":"https:\/\/saildive.pt\/pt-pt\/?lang=pt-pt\/#website","url":"https:\/\/saildive.pt\/pt-pt\/?lang=pt-pt\/","name":"SailDive","description":"Mergulho Liveaboard","publisher":{"@id":"https:\/\/saildive.pt\/pt-pt\/?lang=pt-pt\/#organization"},"potentialAction":[{"@type":"SearchAction","target":{"@type":"EntryPoint","urlTemplate":"https:\/\/saildive.pt\/pt-pt\/?lang=pt-pt\/?s={search_term_string}"},"query-input":{"@type":"PropertyValueSpecification","valueRequired":true,"valueName":"search_term_string"}}],"inLanguage":"pt-PT"},{"@type":"Organization","@id":"https:\/\/saildive.pt\/pt-pt\/?lang=pt-pt\/#organization","name":"SailDive - Azores Princess Alice Diving, Lda.","url":"https:\/\/saildive.pt\/pt-pt\/?lang=pt-pt\/","logo":{"@type":"ImageObject","inLanguage":"pt-PT","@id":"https:\/\/saildive.pt\/pt-pt\/?lang=pt-pt\/#\/schema\/logo\/image\/","url":"https:\/\/saildive.pt\/wp-content\/uploads\/2017\/10\/22519581_126024008096162_8253545458201654831_n.png","contentUrl":"https:\/\/saildive.pt\/wp-content\/uploads\/2017\/10\/22519581_126024008096162_8253545458201654831_n.png","width":709,"height":709,"caption":"SailDive - Azores Princess Alice Diving, Lda."},"image":{"@id":"https:\/\/saildive.pt\/pt-pt\/?lang=pt-pt\/#\/schema\/logo\/image\/"}}]}},"_links":{"self":[{"href":"https:\/\/saildive.pt\/pt-pt\/wp-json\/wp\/v2\/pages\/3210","targetHints":{"allow":["GET"]}}],"collection":[{"href":"https:\/\/saildive.pt\/pt-pt\/wp-json\/wp\/v2\/pages"}],"about":[{"href":"https:\/\/saildive.pt\/pt-pt\/wp-json\/wp\/v2\/types\/page"}],"author":[{"embeddable":true,"href":"https:\/\/saildive.pt\/pt-pt\/wp-json\/wp\/v2\/users\/1"}],"replies":[{"embeddable":true,"href":"https:\/\/saildive.pt\/pt-pt\/wp-json\/wp\/v2\/comments?post=3210"}],"version-history":[{"count":4,"href":"https:\/\/saildive.pt\/pt-pt\/wp-json\/wp\/v2\/pages\/3210\/revisions"}],"predecessor-version":[{"id":3214,"href":"https:\/\/saildive.pt\/pt-pt\/wp-json\/wp\/v2\/pages\/3210\/revisions\/3214"}],"wp:attachment":[{"href":"https:\/\/saildive.pt\/pt-pt\/wp-json\/wp\/v2\/media?parent=3210"}],"curies":[{"name":"wp","href":"https:\/\/api.w.org\/{rel}","templated":true}]}}